{"id":3920,"date":"2025-08-01T09:38:54","date_gmt":"2025-08-01T09:38:54","guid":{"rendered":"https:\/\/artesanosdelgroove.com\/?page_id=3920"},"modified":"2025-11-07T11:39:07","modified_gmt":"2025-11-07T11:39:07","slug":"shop","status":"publish","type":"page","link":"https:\/\/artesanosdelgroove.com\/en\/shop\/","title":{"rendered":"SHOP"},"content":{"rendered":"<div data-elementor-type=\"wp-page\" data-elementor-id=\"3920\" class=\"elementor elementor-3920\" data-elementor-post-type=\"page\">\n\t\t\t\t<div class=\"elementor-element elementor-element-b362733 e-con-full e-flex e-con e-parent\" data-id=\"b362733\" data-element_type=\"container\" data-e-type=\"container\">\n\t\t<div class=\"elementor-element elementor-element-b7c3821 e-con-full e-flex e-con e-child\" data-id=\"b7c3821\" data-element_type=\"container\" data-e-type=\"container\" data-settings=\"{&quot;background_background&quot;:&quot;classic&quot;}\">\n\t\t\t\t<div class=\"elementor-element elementor-element-dd16e87 elementor-widget elementor-widget-heading\" data-id=\"dd16e87\" data-element_type=\"widget\" data-e-type=\"widget\" data-widget_type=\"heading.default\">\n\t\t\t\t<div class=\"elementor-widget-container\">\n\t\t\t\t\t<h2 class=\"elementor-heading-title elementor-size-default\">CHOOSE THE OPTION THAT BEST SUITS YOUR NEEDS<\/h2>\t\t\t\t<\/div>\n\t\t\t\t<\/div>\n\t\t\t\t<\/div>\n\t\t<div class=\"elementor-element elementor-element-ff0c397 e-con-full e-flex e-con e-child\" data-id=\"ff0c397\" data-element_type=\"container\" data-e-type=\"container\">\n\t\t\t\t<div class=\"elementor-element elementor-element-1305c66 elementor-grid-2 elementor-product-loop-item--align-center elementor-grid-tablet-2 elementor-grid-mobile-1 elementor-products-grid elementor-wc-products elementor-widget elementor-widget-woocommerce-products\" data-id=\"1305c66\" data-element_type=\"widget\" data-e-type=\"widget\" data-widget_type=\"woocommerce-products.default\">\n\t\t\t\t<div class=\"elementor-widget-container\">\n\t\t\t\t\t<div class=\"woocommerce columns-2\"><ul class=\"products elementor-grid columns-2\">\n<li class=\"desktop-align-center tablet-align-center mobile-align-center ast-product-gallery-layout-horizontal-slider ast-product-gallery-with-no-image product type-product post-3553 status-publish first instock product_cat-sin-categorizar has-post-thumbnail taxable shipping-taxable product-type-simple\">\n\t<a href=\"https:\/\/artesanosdelgroove.com\/en\/product\/vinilo-dubplate-configurador\/\" class=\"woocommerce-LoopProduct-link woocommerce-loop-product__link\"><img fetchpriority=\"high\" decoding=\"async\" width=\"300\" height=\"300\" src=\"https:\/\/artesanosdelgroove.com\/wp-content\/uploads\/2025\/03\/disco-vinilo-artesanos-300x300.webp\" class=\"attachment-woocommerce_thumbnail size-woocommerce_thumbnail\" alt=\"Fabricaci\u00f3n discos\" srcset=\"https:\/\/artesanosdelgroove.com\/wp-content\/uploads\/2025\/03\/disco-vinilo-artesanos-300x300.webp 300w, https:\/\/artesanosdelgroove.com\/wp-content\/uploads\/2025\/03\/disco-vinilo-artesanos-100x100.webp 100w, https:\/\/artesanosdelgroove.com\/wp-content\/uploads\/2025\/03\/disco-vinilo-artesanos-600x600.webp 600w, https:\/\/artesanosdelgroove.com\/wp-content\/uploads\/2025\/03\/disco-vinilo-artesanos-150x150.webp 150w, https:\/\/artesanosdelgroove.com\/wp-content\/uploads\/2025\/03\/disco-vinilo-artesanos-768x768.webp 768w, https:\/\/artesanosdelgroove.com\/wp-content\/uploads\/2025\/03\/disco-vinilo-artesanos-e1762434008801.webp 592w\" sizes=\"(max-width: 300px) 100vw, 300px\" \/><h2 class=\"woocommerce-loop-product__title\">VINYL DUBPLATE CONFIGURATOR<\/h2>\n\t<span class=\"price\"><span class=\"woocommerce-Price-amount amount\"><bdi>0,00&nbsp;<span class=\"woocommerce-Price-currencySymbol\">\u20ac<\/span><\/bdi><\/span><\/span>\n<\/a><a href=\"https:\/\/artesanosdelgroove.com\/en\/product\/vinilo-dubplate-configurador\/\" aria-describedby=\"woocommerce_loop_add_to_cart_link_describedby_3553\" data-quantity=\"1\" class=\"button product_type_simple\" data-product_id=\"3553\" data-product_sku=\"\" aria-label=\"Read more about \u201cCONFIGURADOR VINILO DUBPLATE\u201d\" rel=\"nofollow\" data-success_message=\"\" title=\"La cantidad m\u00ednima es 1\" data-no-translation=\"\" data-trp-gettext=\"\" data-no-translation-aria-label=\"\">Read more<\/a>\t<span id=\"woocommerce_loop_add_to_cart_link_describedby_3553\" class=\"screen-reader-text\">\n\t\t\t<\/span>\n<\/li>\n<li class=\"desktop-align-center tablet-align-center mobile-align-center ast-product-gallery-layout-horizontal-slider ast-product-gallery-with-no-image product type-product post-3990 status-publish last instock product_cat-sin-categorizar has-post-thumbnail taxable shipping-taxable purchasable product-type-simple\">\n\t<a href=\"https:\/\/artesanosdelgroove.com\/en\/product\/mastering\/\" class=\"woocommerce-LoopProduct-link woocommerce-loop-product__link\"><img decoding=\"async\" width=\"300\" height=\"300\" src=\"https:\/\/artesanosdelgroove.com\/wp-content\/uploads\/2025\/08\/mastering-300x300.webp\" class=\"attachment-woocommerce_thumbnail size-woocommerce_thumbnail\" alt=\"Mastering Digital, Mastering Anal\u00f3gico, Servicio de Mastering,\" srcset=\"https:\/\/artesanosdelgroove.com\/wp-content\/uploads\/2025\/08\/mastering-300x300.webp 300w, https:\/\/artesanosdelgroove.com\/wp-content\/uploads\/2025\/08\/mastering-150x150.webp 150w, https:\/\/artesanosdelgroove.com\/wp-content\/uploads\/2025\/08\/mastering-100x100.webp 100w\" sizes=\"(max-width: 300px) 100vw, 300px\" \/><h2 class=\"woocommerce-loop-product__title\">MASTERING<\/h2>\n\t<span class=\"price\"><span class=\"woocommerce-Price-amount amount\"><bdi>30,00&nbsp;<span class=\"woocommerce-Price-currencySymbol\">\u20ac<\/span><\/bdi><\/span><\/span>\n<\/a><a href=\"https:\/\/artesanosdelgroove.com\/en\/product\/mastering\/\" aria-describedby=\"woocommerce_loop_add_to_cart_link_describedby_3990\" data-quantity=\"1\" class=\"button product_type_simple add_to_cart_button\" data-product_id=\"3990\" data-product_sku=\"\" aria-label=\"Select options for \u201cMASTERING\u201d\" rel=\"nofollow\" data-success_message=\"\u201cMASTERING\u201d has been added to your cart\" title=\"La cantidad m\u00ednima es 1\" data-no-translation-aria-label=\"\" data-no-translation-data-success_message=\"\">Select options<\/a>\t<span id=\"woocommerce_loop_add_to_cart_link_describedby_3990\" class=\"screen-reader-text\">\n\t\tThis product has options that may be chosen on the product page\t<\/span>\n<\/li>\n<\/ul>\n<\/div>\t\t\t\t<\/div>\n\t\t\t\t<\/div>\n\t\t\t\t<\/div>\n\t\t<div class=\"elementor-element elementor-element-7c55c60 e-con-full e-flex e-con e-child\" data-id=\"7c55c60\" data-element_type=\"container\" data-e-type=\"container\">\n\t\t<div class=\"elementor-element elementor-element-221f57c e-con-full e-flex e-con e-child\" data-id=\"221f57c\" data-element_type=\"container\" data-e-type=\"container\">\n\t\t\t\t<div class=\"elementor-element elementor-element-4460dd7 elementor-widget elementor-widget-image\" data-id=\"4460dd7\" data-element_type=\"widget\" data-e-type=\"widget\" data-widget_type=\"image.default\">\n\t\t\t\t<div class=\"elementor-widget-container\">\n\t\t\t\t\t\t\t\t\t\t\t\t\t\t\t\t<a href=\"https:\/\/artesanosdelgroove.com\/en\/formulario-de-pedido-vinilos-prensados\/\">\n\t\t\t\t\t\t\t<img decoding=\"async\" width=\"1024\" height=\"1024\" src=\"https:\/\/artesanosdelgroove.com\/wp-content\/uploads\/2025\/08\/imagen-para-formulario-de-vinilo-prensado.webp\" class=\"attachment-large size-large wp-image-3931\" alt=\"Configurador de Vinilos Prensados\" srcset=\"https:\/\/artesanosdelgroove.com\/wp-content\/uploads\/2025\/08\/imagen-para-formulario-de-vinilo-prensado.webp 1024w, https:\/\/artesanosdelgroove.com\/wp-content\/uploads\/2025\/08\/imagen-para-formulario-de-vinilo-prensado-300x300.webp 300w, https:\/\/artesanosdelgroove.com\/wp-content\/uploads\/2025\/08\/imagen-para-formulario-de-vinilo-prensado-150x150.webp 150w, https:\/\/artesanosdelgroove.com\/wp-content\/uploads\/2025\/08\/imagen-para-formulario-de-vinilo-prensado-768x768.webp 768w, https:\/\/artesanosdelgroove.com\/wp-content\/uploads\/2025\/08\/imagen-para-formulario-de-vinilo-prensado-600x600.webp 600w, https:\/\/artesanosdelgroove.com\/wp-content\/uploads\/2025\/08\/imagen-para-formulario-de-vinilo-prensado-100x100.webp 100w\" sizes=\"(max-width: 1024px) 100vw, 1024px\" \/>\t\t\t\t\t\t\t\t<\/a>\n\t\t\t\t\t\t\t\t\t\t\t\t\t\t\t<\/div>\n\t\t\t\t<\/div>\n\t\t\t\t<div class=\"elementor-element elementor-element-8ad8d2b elementor-widget elementor-widget-heading\" data-id=\"8ad8d2b\" data-element_type=\"widget\" data-e-type=\"widget\" data-widget_type=\"heading.default\">\n\t\t\t\t<div class=\"elementor-widget-container\">\n\t\t\t\t\t<h2 class=\"elementor-heading-title elementor-size-default\">PRESSED VINYL CONFIGURATOR<\/h2>\t\t\t\t<\/div>\n\t\t\t\t<\/div>\n\t\t\t\t<div class=\"elementor-element elementor-element-4a53099 elementor-widget__width-inherit elementor-widget elementor-widget-text-editor\" data-id=\"4a53099\" data-element_type=\"widget\" data-e-type=\"widget\" data-widget_type=\"text-editor.default\">\n\t\t\t\t<div class=\"elementor-widget-container\">\n\t\t\t\t\t\t\t\t\t<p>For orders of 100 units or more<\/p>\t\t\t\t\t\t\t\t<\/div>\n\t\t\t\t<\/div>\n\t\t\t\t<div class=\"elementor-element elementor-element-962927f elementor-align-center elementor-widget elementor-widget-button\" data-id=\"962927f\" data-element_type=\"widget\" data-e-type=\"widget\" data-widget_type=\"button.default\">\n\t\t\t\t<div class=\"elementor-widget-container\">\n\t\t\t\t\t\t\t\t\t<div class=\"elementor-button-wrapper\">\n\t\t\t\t\t<a class=\"elementor-button elementor-button-link elementor-size-sm\" href=\"https:\/\/artesanosdelgroove.com\/en\/formulario-de-pedido-vinilos-prensados\/\">\n\t\t\t\t\t\t<span class=\"elementor-button-content-wrapper\">\n\t\t\t\t\t\t\t\t\t<span class=\"elementor-button-text\">Go to the Configurator<\/span>\n\t\t\t\t\t<\/span>\n\t\t\t\t\t<\/a>\n\t\t\t\t<\/div>\n\t\t\t\t\t\t\t\t<\/div>\n\t\t\t\t<\/div>\n\t\t\t\t<\/div>\n\t\t\t\t<\/div>\n\t\t\t\t<\/div>\n\t\t\t\t<\/div>","protected":false},"excerpt":{"rendered":"<p>ELIGE LA OPCI\u00d3N QUE M\u00c1S SE ADAPTE A TUS NECESIDADES CONFIGURADOR VINILOS PRENSADOS Para pedidos de 100 unidades o m\u00e1s [&hellip;]<\/p>\n","protected":false},"author":1,"featured_media":0,"parent":0,"menu_order":0,"comment_status":"closed","ping_status":"closed","template":"elementor_header_footer","meta":{"site-sidebar-layout":"no-sidebar","site-content-layout":"","ast-site-content-layout":"full-width-container","site-content-style":"default","site-sidebar-style":"default","ast-global-header-display":"","ast-banner-title-visibility":"","ast-main-header-display":"","ast-hfb-above-header-display":"","ast-hfb-below-header-display":"","ast-hfb-mobile-header-display":"","site-post-title":"disabled","ast-breadcrumbs-content":"","ast-featured-img":"disabled","footer-sml-layout":"","ast-disable-related-posts":"","theme-transparent-header-meta":"","adv-header-id-meta":"","stick-header-meta":"","header-above-stick-meta":"","header-main-stick-meta":"","header-below-stick-meta":"","astra-migrate-meta-layouts":"default","ast-page-background-enabled":"default","ast-page-background-meta":{"desktop":{"background-color":"var(--ast-global-color-5)","background-image":"","background-repeat":"repeat","background-position":"center center","background-size":"auto","background-attachment":"scroll","background-type":"","background-media":"","overlay-type":"","overlay-color":"","overlay-opacity":"","overlay-gradient":""},"tablet":{"background-color":"","background-image":"","background-repeat":"repeat","background-position":"center center","background-size":"auto","background-attachment":"scroll","background-type":"","background-media":"","overlay-type":"","overlay-color":"","overlay-opacity":"","overlay-gradient":""},"mobile":{"background-color":"","background-image":"","background-repeat":"repeat","background-position":"center center","background-size":"auto","background-attachment":"scroll","background-type":"","background-media":"","overlay-type":"","overlay-color":"","overlay-opacity":"","overlay-gradient":""}},"ast-content-background-meta":{"desktop":{"background-color":"var(--ast-global-color-4)","background-image":"","background-repeat":"repeat","background-position":"center center","background-size":"auto","background-attachment":"scroll","background-type":"","background-media":"","overlay-type":"","overlay-color":"","overlay-opacity":"","overlay-gradient":""},"tablet":{"background-color":"var(--ast-global-color-4)","background-image":"","background-repeat":"repeat","background-position":"center center","background-size":"auto","background-attachment":"scroll","background-type":"","background-media":"","overlay-type":"","overlay-color":"","overlay-opacity":"","overlay-gradient":""},"mobile":{"background-color":"var(--ast-global-color-4)","background-image":"","background-repeat":"repeat","background-position":"center center","background-size":"auto","background-attachment":"scroll","background-type":"","background-media":"","overlay-type":"","overlay-color":"","overlay-opacity":"","overlay-gradient":""}},"footnotes":""},"class_list":["post-3920","page","type-page","status-publish","hentry"],"yoast_head":"<!-- This site is optimized with the Yoast SEO Premium plugin v25.3 (Yoast SEO v27.0) - https:\/\/yoast.com\/product\/yoast-seo-premium-wordpress\/ -->\n<title>SHOP | artesanos groove<\/title>\n<meta name=\"robots\" content=\"index, follow, max-snippet:-1, max-image-preview:large, max-video-preview:-1\" \/>\n<link rel=\"canonical\" href=\"https:\/\/artesanosdelgroove.com\/en\/shop\/\" \/>\n<meta property=\"og:locale\" content=\"en_US\" \/>\n<meta property=\"og:type\" content=\"article\" \/>\n<meta property=\"og:title\" content=\"SHOP\" \/>\n<meta property=\"og:description\" content=\"ELIGE LA OPCI\u00d3N QUE M\u00c1S SE ADAPTE A TUS NECESIDADES CONFIGURADOR VINILOS PRENSADOS Para pedidos de 100 unidades o m\u00e1s [&hellip;]\" \/>\n<meta property=\"og:url\" content=\"https:\/\/artesanosdelgroove.com\/en\/shop\/\" \/>\n<meta property=\"og:site_name\" content=\"artesanos groove\" \/>\n<meta property=\"article:modified_time\" content=\"2025-11-07T11:39:07+00:00\" \/>\n<meta property=\"og:image\" content=\"https:\/\/artesanosdelgroove.com\/wp-content\/uploads\/2025\/08\/imagen-para-formulario-de-vinilo-prensado.webp\" \/>\n<meta name=\"twitter:card\" content=\"summary_large_image\" \/>\n<meta name=\"twitter:label1\" content=\"Est. reading time\" \/>\n\t<meta name=\"twitter:data1\" content=\"1 minute\" \/>\n<script type=\"application\/ld+json\" class=\"yoast-schema-graph\">{\"@context\":\"https:\/\/schema.org\",\"@graph\":[{\"@type\":\"WebPage\",\"@id\":\"https:\/\/artesanosdelgroove.com\/shop\/\",\"url\":\"https:\/\/artesanosdelgroove.com\/shop\/\",\"name\":\"SHOP | artesanos groove\",\"isPartOf\":{\"@id\":\"https:\/\/artesanosdelgroove.com\/#website\"},\"primaryImageOfPage\":{\"@id\":\"https:\/\/artesanosdelgroove.com\/shop\/#primaryimage\"},\"image\":{\"@id\":\"https:\/\/artesanosdelgroove.com\/shop\/#primaryimage\"},\"thumbnailUrl\":\"https:\/\/artesanosdelgroove.com\/wp-content\/uploads\/2025\/08\/imagen-para-formulario-de-vinilo-prensado.webp\",\"datePublished\":\"2025-08-01T09:38:54+00:00\",\"dateModified\":\"2025-11-07T11:39:07+00:00\",\"breadcrumb\":{\"@id\":\"https:\/\/artesanosdelgroove.com\/shop\/#breadcrumb\"},\"inLanguage\":\"en-US\",\"potentialAction\":[{\"@type\":\"ReadAction\",\"target\":[\"https:\/\/artesanosdelgroove.com\/shop\/\"]}]},{\"@type\":\"ImageObject\",\"inLanguage\":\"en-US\",\"@id\":\"https:\/\/artesanosdelgroove.com\/shop\/#primaryimage\",\"url\":\"https:\/\/artesanosdelgroove.com\/wp-content\/uploads\/2025\/08\/imagen-para-formulario-de-vinilo-prensado.webp\",\"contentUrl\":\"https:\/\/artesanosdelgroove.com\/wp-content\/uploads\/2025\/08\/imagen-para-formulario-de-vinilo-prensado.webp\"},{\"@type\":\"BreadcrumbList\",\"@id\":\"https:\/\/artesanosdelgroove.com\/shop\/#breadcrumb\",\"itemListElement\":[{\"@type\":\"ListItem\",\"position\":1,\"name\":\"Portada\",\"item\":\"https:\/\/artesanosdelgroove.com\/\"},{\"@type\":\"ListItem\",\"position\":2,\"name\":\"SHOP\"}]},{\"@type\":\"WebSite\",\"@id\":\"https:\/\/artesanosdelgroove.com\/#website\",\"url\":\"https:\/\/artesanosdelgroove.com\/\",\"name\":\"artesanos groove\",\"description\":\"\",\"publisher\":{\"@id\":\"https:\/\/artesanosdelgroove.com\/#organization\"},\"potentialAction\":[{\"@type\":\"SearchAction\",\"target\":{\"@type\":\"EntryPoint\",\"urlTemplate\":\"https:\/\/artesanosdelgroove.com\/?s={search_term_string}\"},\"query-input\":{\"@type\":\"PropertyValueSpecification\",\"valueRequired\":true,\"valueName\":\"search_term_string\"}}],\"inLanguage\":\"en-US\"},{\"@type\":\"Organization\",\"@id\":\"https:\/\/artesanosdelgroove.com\/#organization\",\"name\":\"artesanos groove\",\"url\":\"https:\/\/artesanosdelgroove.com\/\",\"logo\":{\"@type\":\"ImageObject\",\"inLanguage\":\"en-US\",\"@id\":\"https:\/\/artesanosdelgroove.com\/#\/schema\/logo\/image\/\",\"url\":\"https:\/\/artesanosdelgroove.com\/wp-content\/uploads\/2025\/03\/iso-black.webp\",\"contentUrl\":\"https:\/\/artesanosdelgroove.com\/wp-content\/uploads\/2025\/03\/iso-black.webp\",\"width\":513,\"height\":513,\"caption\":\"artesanos groove\"},\"image\":{\"@id\":\"https:\/\/artesanosdelgroove.com\/#\/schema\/logo\/image\/\"}}]}<\/script>\n<!-- \/ Yoast SEO Premium plugin. -->","yoast_head_json":{"title":"SHOP | artesanos groove","robots":{"index":"index","follow":"follow","max-snippet":"max-snippet:-1","max-image-preview":"max-image-preview:large","max-video-preview":"max-video-preview:-1"},"canonical":"https:\/\/artesanosdelgroove.com\/en\/shop\/","og_locale":"en_US","og_type":"article","og_title":"SHOP","og_description":"ELIGE LA OPCI\u00d3N QUE M\u00c1S SE ADAPTE A TUS NECESIDADES CONFIGURADOR VINILOS PRENSADOS Para pedidos de 100 unidades o m\u00e1s [&hellip;]","og_url":"https:\/\/artesanosdelgroove.com\/en\/shop\/","og_site_name":"artesanos groove","article_modified_time":"2025-11-07T11:39:07+00:00","og_image":[{"url":"https:\/\/artesanosdelgroove.com\/wp-content\/uploads\/2025\/08\/imagen-para-formulario-de-vinilo-prensado.webp","type":"","width":"","height":""}],"twitter_card":"summary_large_image","twitter_misc":{"Est. reading time":"1 minute"},"schema":{"@context":"https:\/\/schema.org","@graph":[{"@type":"WebPage","@id":"https:\/\/artesanosdelgroove.com\/shop\/","url":"https:\/\/artesanosdelgroove.com\/shop\/","name":"SHOP | artesanos groove","isPartOf":{"@id":"https:\/\/artesanosdelgroove.com\/#website"},"primaryImageOfPage":{"@id":"https:\/\/artesanosdelgroove.com\/shop\/#primaryimage"},"image":{"@id":"https:\/\/artesanosdelgroove.com\/shop\/#primaryimage"},"thumbnailUrl":"https:\/\/artesanosdelgroove.com\/wp-content\/uploads\/2025\/08\/imagen-para-formulario-de-vinilo-prensado.webp","datePublished":"2025-08-01T09:38:54+00:00","dateModified":"2025-11-07T11:39:07+00:00","breadcrumb":{"@id":"https:\/\/artesanosdelgroove.com\/shop\/#breadcrumb"},"inLanguage":"en-US","potentialAction":[{"@type":"ReadAction","target":["https:\/\/artesanosdelgroove.com\/shop\/"]}]},{"@type":"ImageObject","inLanguage":"en-US","@id":"https:\/\/artesanosdelgroove.com\/shop\/#primaryimage","url":"https:\/\/artesanosdelgroove.com\/wp-content\/uploads\/2025\/08\/imagen-para-formulario-de-vinilo-prensado.webp","contentUrl":"https:\/\/artesanosdelgroove.com\/wp-content\/uploads\/2025\/08\/imagen-para-formulario-de-vinilo-prensado.webp"},{"@type":"BreadcrumbList","@id":"https:\/\/artesanosdelgroove.com\/shop\/#breadcrumb","itemListElement":[{"@type":"ListItem","position":1,"name":"Portada","item":"https:\/\/artesanosdelgroove.com\/"},{"@type":"ListItem","position":2,"name":"SHOP"}]},{"@type":"WebSite","@id":"https:\/\/artesanosdelgroove.com\/#website","url":"https:\/\/artesanosdelgroove.com\/","name":"artisans groove","description":"","publisher":{"@id":"https:\/\/artesanosdelgroove.com\/#organization"},"potentialAction":[{"@type":"SearchAction","target":{"@type":"EntryPoint","urlTemplate":"https:\/\/artesanosdelgroove.com\/?s={search_term_string}"},"query-input":{"@type":"PropertyValueSpecification","valueRequired":true,"valueName":"search_term_string"}}],"inLanguage":"en-US"},{"@type":"Organization","@id":"https:\/\/artesanosdelgroove.com\/#organization","name":"artisans groove","url":"https:\/\/artesanosdelgroove.com\/","logo":{"@type":"ImageObject","inLanguage":"en-US","@id":"https:\/\/artesanosdelgroove.com\/#\/schema\/logo\/image\/","url":"https:\/\/artesanosdelgroove.com\/wp-content\/uploads\/2025\/03\/iso-black.webp","contentUrl":"https:\/\/artesanosdelgroove.com\/wp-content\/uploads\/2025\/03\/iso-black.webp","width":513,"height":513,"caption":"artesanos groove"},"image":{"@id":"https:\/\/artesanosdelgroove.com\/#\/schema\/logo\/image\/"}}]}},"_links":{"self":[{"href":"https:\/\/artesanosdelgroove.com\/en\/wp-json\/wp\/v2\/pages\/3920","targetHints":{"allow":["GET"]}}],"collection":[{"href":"https:\/\/artesanosdelgroove.com\/en\/wp-json\/wp\/v2\/pages"}],"about":[{"href":"https:\/\/artesanosdelgroove.com\/en\/wp-json\/wp\/v2\/types\/page"}],"author":[{"embeddable":true,"href":"https:\/\/artesanosdelgroove.com\/en\/wp-json\/wp\/v2\/users\/1"}],"replies":[{"embeddable":true,"href":"https:\/\/artesanosdelgroove.com\/en\/wp-json\/wp\/v2\/comments?post=3920"}],"version-history":[{"count":0,"href":"https:\/\/artesanosdelgroove.com\/en\/wp-json\/wp\/v2\/pages\/3920\/revisions"}],"wp:attachment":[{"href":"https:\/\/artesanosdelgroove.com\/en\/wp-json\/wp\/v2\/media?parent=3920"}],"curies":[{"name":"wp","href":"https:\/\/api.w.org\/{rel}","templated":true}]}}