{"id":4710,"date":"2025-08-22T07:28:50","date_gmt":"2025-08-22T07:28:50","guid":{"rendered":"https:\/\/artesanosdelgroove.com\/?page_id=4710"},"modified":"2025-08-22T07:31:22","modified_gmt":"2025-08-22T07:31:22","slug":"politica-de-privacidad","status":"publish","type":"page","link":"https:\/\/artesanosdelgroove.com\/en\/politica-de-privacidad\/","title":{"rendered":"Privacy Policy"},"content":{"rendered":"<div class=\"wp-block-stackable-columns stk-block-columns stk-block stk-76792b5\" data-block-id=\"76792b5\"><div class=\"stk-row stk-inner-blocks stk-block-content stk-content-align stk-76792b5-column\">\n<div class=\"wp-block-stackable-column stk-block-column stk-column stk-block stk-959340a\" data-v=\"4\" data-block-id=\"959340a\"><div class=\"stk-column-wrapper stk-block-column__content stk-container stk-959340a-container stk--no-background stk--no-padding\"><div class=\"stk-block-content stk-inner-blocks stk-959340a-inner-blocks\">\n<div class=\"wp-block-stackable-heading stk-block-heading stk-block-heading--v2 stk-block stk-a9bf237\" id=\"politica-de-privacidad\" data-block-id=\"a9bf237\"><style>.stk-a9bf237 .stk-block-heading__bottom-line{height:1px !important;width:50% !important;background-color:var(--ast-global-color-3) !important;margin-top:15px !important;}<\/style><h2 class=\"stk-block-heading__text\">Privacy Policy<\/h2><div class=\"stk-block-heading__bottom-line\"><\/div><\/div>\n\n\n\n<div class=\"wp-block-stackable-text stk-block-text stk-block stk-a10d1b4\" data-block-id=\"a10d1b4\"><p class=\"stk-block-text__text\"><strong>INTRODUCTION<\/strong><\/p><\/div>\n\n\n\n<p>In <strong><em>Artesanos del Groove<\/em><\/strong>, sensitive to the needs of Internet users and conscious of the importance of the strict privacy of the personal information they entrust to us, we include this privacy statement so that you are aware of the policy for the processing of personal data obtained from its visitors and users.<\/p>\n\n\n\n<p>As a user, you accept these terms and conditions by simply reading, viewing, or browsing the site. If you do not accept them, you must leave the site without using it or its content, or accessing any linked pages.<\/p>\n\n\n\n<p><strong>DATA CONTROLLER<\/strong><\/p>\n\n\n\n<p>The owner of the site and responsible for data processing is <strong><em>Artesanos del Groove<\/em><\/strong>, with NIF ES26977478L, to contact you can use the email address info@artesanosdelgroove.com, the phone number +34614448476 or postal mail to Avenida del Pilar 85, 06400 Don Benito (Badajoz), postal code 06400 of Badajoz.<\/p>\n\n\n\n<p><strong>PURPOSE OF DATA PROCESSING<\/strong><\/p>\n\n\n\n<p>On our websites, there are specific sections where you can enter your information to receive information about updates to our website and some of the programs we distribute. We assure you that the information you provide will be treated with complete confidentiality.<\/p>\n\n\n\n<p>The data will be stored as long as it is intended to be used for the purpose for which it was collected.<\/p>\n\n\n\n<p>No automated decision-making is carried out with your data.<\/p>\n\n\n\n<p>The website may use cookies, see our privacy policy.&nbsp;<strong>cookie policy.<\/strong><\/p>\n\n\n\n<p><strong>LEGITIMATION OF DATA PROCESSING<\/strong><\/p>\n\n\n\n<p>Your data is used because you give us your consent to use the data you provide in the forms for the specific purpose indicated in each form. Your data is only necessary for the specific purposes for which it is requested. If you do not provide it, these services are not possible.<\/p>\n\n\n\n<p><strong>DATA TRANSFERS AND ASSIGNMENTS<\/strong><\/p>\n\n\n\n<p>There is a firm commitment on our part that the data you provide to <strong><em>Artesanos del Groove<\/em><\/strong>, will not be sold or transferred to third parties without the prior consent of the interested party under any concept or circumstance, except with express consent or legal obligation.<\/p>\n\n\n\n<p>Our website contains links to third-party websites. <strong><em>Artesanos del Groove<\/em><\/strong> is not responsible for the privacy policies and practices of these other sites.<\/p>\n\n\n\n<p><strong>RIGHTS OF INTERESTED PARTIES<\/strong><\/p>\n\n\n\n<p>You have the right to access the information stored about you in our databases, correct any errors, delete or restrict it, object to its processing, and withdraw your consent if you so wish. To do so, simply send an email to info@artesanosdelgroove.com, where we will be happy to answer any questions, comments, or clarifications you may have.<\/p>\n\n\n\n<p>For more information on related topics, the reference site on the Spanish Internet is the&nbsp;<a href=\"https:\/\/www.agpd.es\/\">Data Protection Agency<\/a>, where you have the right to complain.<\/p>\n<\/div><\/div><\/div>\n<\/div><\/div>","protected":false},"excerpt":{"rendered":"<p>Pol\u00edtica de Privacidad INTRODUCCI\u00d3N En Artesanos del Groove, sensibilizados con las necesidades de los usuarios de Internet y conscientes de [&hellip;]<\/p>\n","protected":false},"author":1,"featured_media":0,"parent":0,"menu_order":0,"comment_status":"closed","ping_status":"closed","template":"","meta":{"site-sidebar-layout":"default","site-content-layout":"","ast-site-content-layout":"default","site-content-style":"default","site-sidebar-style":"default","ast-global-header-display":"","ast-banner-title-visibility":"","ast-main-header-display":"","ast-hfb-above-header-display":"","ast-hfb-below-header-display":"","ast-hfb-mobile-header-display":"","site-post-title":"","ast-breadcrumbs-content":"","ast-featured-img":"","footer-sml-layout":"","ast-disable-related-posts":"","theme-transparent-header-meta":"","adv-header-id-meta":"","stick-header-meta":"","header-above-stick-meta":"","header-main-stick-meta":"","header-below-stick-meta":"","astra-migrate-meta-layouts":"default","ast-page-background-enabled":"default","ast-page-background-meta":{"desktop":{"background-color":"var(--ast-global-color-5)","background-image":"","background-repeat":"repeat","background-position":"center center","background-size":"auto","background-attachment":"scroll","background-type":"","background-media":"","overlay-type":"","overlay-color":"","overlay-opacity":"","overlay-gradient":""},"tablet":{"background-color":"","background-image":"","background-repeat":"repeat","background-position":"center center","background-size":"auto","background-attachment":"scroll","background-type":"","background-media":"","overlay-type":"","overlay-color":"","overlay-opacity":"","overlay-gradient":""},"mobile":{"background-color":"","background-image":"","background-repeat":"repeat","background-position":"center center","background-size":"auto","background-attachment":"scroll","background-type":"","background-media":"","overlay-type":"","overlay-color":"","overlay-opacity":"","overlay-gradient":""}},"ast-content-background-meta":{"desktop":{"background-color":"var(--ast-global-color-4)","background-image":"","background-repeat":"repeat","background-position":"center center","background-size":"auto","background-attachment":"scroll","background-type":"","background-media":"","overlay-type":"","overlay-color":"","overlay-opacity":"","overlay-gradient":""},"tablet":{"background-color":"var(--ast-global-color-4)","background-image":"","background-repeat":"repeat","background-position":"center center","background-size":"auto","background-attachment":"scroll","background-type":"","background-media":"","overlay-type":"","overlay-color":"","overlay-opacity":"","overlay-gradient":""},"mobile":{"background-color":"var(--ast-global-color-4)","background-image":"","background-repeat":"repeat","background-position":"center center","background-size":"auto","background-attachment":"scroll","background-type":"","background-media":"","overlay-type":"","overlay-color":"","overlay-opacity":"","overlay-gradient":""}},"footnotes":""},"class_list":["post-4710","page","type-page","status-publish","hentry"],"yoast_head":"<!-- This site is optimized with the Yoast SEO Premium plugin v25.3 (Yoast SEO v27.0) - https:\/\/yoast.com\/product\/yoast-seo-premium-wordpress\/ -->\n<title>Pol\u00edtica de Privacidad | artesanos groove<\/title>\n<meta name=\"robots\" content=\"index, follow, max-snippet:-1, max-image-preview:large, max-video-preview:-1\" \/>\n<link rel=\"canonical\" href=\"https:\/\/artesanosdelgroove.com\/en\/politica-de-privacidad\/\" \/>\n<meta property=\"og:locale\" content=\"en_US\" \/>\n<meta property=\"og:type\" content=\"article\" \/>\n<meta property=\"og:title\" content=\"Pol\u00edtica de Privacidad\" \/>\n<meta property=\"og:description\" content=\"Pol\u00edtica de Privacidad INTRODUCCI\u00d3N En Artesanos del Groove, sensibilizados con las necesidades de los usuarios de Internet y conscientes de [&hellip;]\" \/>\n<meta property=\"og:url\" content=\"https:\/\/artesanosdelgroove.com\/en\/politica-de-privacidad\/\" \/>\n<meta property=\"og:site_name\" content=\"artesanos groove\" \/>\n<meta property=\"article:modified_time\" content=\"2025-08-22T07:31:22+00:00\" \/>\n<meta property=\"og:image\" content=\"https:\/\/artesanosdelgroove.com\/wp-content\/uploads\/2025\/03\/Logo-Artesanos-del-Groove-Web.jpeg\" \/>\n\t<meta property=\"og:image:width\" content=\"565\" \/>\n\t<meta property=\"og:image:height\" content=\"218\" \/>\n\t<meta property=\"og:image:type\" content=\"image\/jpeg\" \/>\n<meta name=\"twitter:card\" content=\"summary_large_image\" \/>\n<meta name=\"twitter:label1\" content=\"Est. reading time\" \/>\n\t<meta name=\"twitter:data1\" content=\"3 minutes\" \/>\n<script type=\"application\/ld+json\" class=\"yoast-schema-graph\">{\"@context\":\"https:\/\/schema.org\",\"@graph\":[{\"@type\":\"WebPage\",\"@id\":\"https:\/\/artesanosdelgroove.com\/politica-de-privacidad\/\",\"url\":\"https:\/\/artesanosdelgroove.com\/politica-de-privacidad\/\",\"name\":\"Pol\u00edtica de Privacidad | artesanos groove\",\"isPartOf\":{\"@id\":\"https:\/\/artesanosdelgroove.com\/#website\"},\"datePublished\":\"2025-08-22T07:28:50+00:00\",\"dateModified\":\"2025-08-22T07:31:22+00:00\",\"breadcrumb\":{\"@id\":\"https:\/\/artesanosdelgroove.com\/politica-de-privacidad\/#breadcrumb\"},\"inLanguage\":\"en-US\",\"potentialAction\":[{\"@type\":\"ReadAction\",\"target\":[\"https:\/\/artesanosdelgroove.com\/politica-de-privacidad\/\"]}]},{\"@type\":\"BreadcrumbList\",\"@id\":\"https:\/\/artesanosdelgroove.com\/politica-de-privacidad\/#breadcrumb\",\"itemListElement\":[{\"@type\":\"ListItem\",\"position\":1,\"name\":\"Portada\",\"item\":\"https:\/\/artesanosdelgroove.com\/\"},{\"@type\":\"ListItem\",\"position\":2,\"name\":\"Pol\u00edtica de Privacidad\"}]},{\"@type\":\"WebSite\",\"@id\":\"https:\/\/artesanosdelgroove.com\/#website\",\"url\":\"https:\/\/artesanosdelgroove.com\/\",\"name\":\"artesanos groove\",\"description\":\"\",\"publisher\":{\"@id\":\"https:\/\/artesanosdelgroove.com\/#organization\"},\"potentialAction\":[{\"@type\":\"SearchAction\",\"target\":{\"@type\":\"EntryPoint\",\"urlTemplate\":\"https:\/\/artesanosdelgroove.com\/?s={search_term_string}\"},\"query-input\":{\"@type\":\"PropertyValueSpecification\",\"valueRequired\":true,\"valueName\":\"search_term_string\"}}],\"inLanguage\":\"en-US\"},{\"@type\":\"Organization\",\"@id\":\"https:\/\/artesanosdelgroove.com\/#organization\",\"name\":\"artesanos groove\",\"url\":\"https:\/\/artesanosdelgroove.com\/\",\"logo\":{\"@type\":\"ImageObject\",\"inLanguage\":\"en-US\",\"@id\":\"https:\/\/artesanosdelgroove.com\/#\/schema\/logo\/image\/\",\"url\":\"https:\/\/artesanosdelgroove.com\/wp-content\/uploads\/2025\/03\/iso-black.webp\",\"contentUrl\":\"https:\/\/artesanosdelgroove.com\/wp-content\/uploads\/2025\/03\/iso-black.webp\",\"width\":513,\"height\":513,\"caption\":\"artesanos groove\"},\"image\":{\"@id\":\"https:\/\/artesanosdelgroove.com\/#\/schema\/logo\/image\/\"}}]}<\/script>\n<!-- \/ Yoast SEO Premium plugin. -->","yoast_head_json":{"title":"Pol\u00edtica de Privacidad | artesanos groove","robots":{"index":"index","follow":"follow","max-snippet":"max-snippet:-1","max-image-preview":"max-image-preview:large","max-video-preview":"max-video-preview:-1"},"canonical":"https:\/\/artesanosdelgroove.com\/en\/politica-de-privacidad\/","og_locale":"en_US","og_type":"article","og_title":"Pol\u00edtica de Privacidad","og_description":"Pol\u00edtica de Privacidad INTRODUCCI\u00d3N En Artesanos del Groove, sensibilizados con las necesidades de los usuarios de Internet y conscientes de [&hellip;]","og_url":"https:\/\/artesanosdelgroove.com\/en\/politica-de-privacidad\/","og_site_name":"artesanos groove","article_modified_time":"2025-08-22T07:31:22+00:00","og_image":[{"width":565,"height":218,"url":"https:\/\/artesanosdelgroove.com\/wp-content\/uploads\/2025\/03\/Logo-Artesanos-del-Groove-Web.jpeg","type":"image\/jpeg"}],"twitter_card":"summary_large_image","twitter_misc":{"Est. reading time":"3 minutes"},"schema":{"@context":"https:\/\/schema.org","@graph":[{"@type":"WebPage","@id":"https:\/\/artesanosdelgroove.com\/politica-de-privacidad\/","url":"https:\/\/artesanosdelgroove.com\/politica-de-privacidad\/","name":"Pol\u00edtica de Privacidad | artesanos groove","isPartOf":{"@id":"https:\/\/artesanosdelgroove.com\/#website"},"datePublished":"2025-08-22T07:28:50+00:00","dateModified":"2025-08-22T07:31:22+00:00","breadcrumb":{"@id":"https:\/\/artesanosdelgroove.com\/politica-de-privacidad\/#breadcrumb"},"inLanguage":"en-US","potentialAction":[{"@type":"ReadAction","target":["https:\/\/artesanosdelgroove.com\/politica-de-privacidad\/"]}]},{"@type":"BreadcrumbList","@id":"https:\/\/artesanosdelgroove.com\/politica-de-privacidad\/#breadcrumb","itemListElement":[{"@type":"ListItem","position":1,"name":"Portada","item":"https:\/\/artesanosdelgroove.com\/"},{"@type":"ListItem","position":2,"name":"Pol\u00edtica de Privacidad"}]},{"@type":"WebSite","@id":"https:\/\/artesanosdelgroove.com\/#website","url":"https:\/\/artesanosdelgroove.com\/","name":"artisans groove","description":"","publisher":{"@id":"https:\/\/artesanosdelgroove.com\/#organization"},"potentialAction":[{"@type":"SearchAction","target":{"@type":"EntryPoint","urlTemplate":"https:\/\/artesanosdelgroove.com\/?s={search_term_string}"},"query-input":{"@type":"PropertyValueSpecification","valueRequired":true,"valueName":"search_term_string"}}],"inLanguage":"en-US"},{"@type":"Organization","@id":"https:\/\/artesanosdelgroove.com\/#organization","name":"artisans groove","url":"https:\/\/artesanosdelgroove.com\/","logo":{"@type":"ImageObject","inLanguage":"en-US","@id":"https:\/\/artesanosdelgroove.com\/#\/schema\/logo\/image\/","url":"https:\/\/artesanosdelgroove.com\/wp-content\/uploads\/2025\/03\/iso-black.webp","contentUrl":"https:\/\/artesanosdelgroove.com\/wp-content\/uploads\/2025\/03\/iso-black.webp","width":513,"height":513,"caption":"artesanos groove"},"image":{"@id":"https:\/\/artesanosdelgroove.com\/#\/schema\/logo\/image\/"}}]}},"_links":{"self":[{"href":"https:\/\/artesanosdelgroove.com\/en\/wp-json\/wp\/v2\/pages\/4710","targetHints":{"allow":["GET"]}}],"collection":[{"href":"https:\/\/artesanosdelgroove.com\/en\/wp-json\/wp\/v2\/pages"}],"about":[{"href":"https:\/\/artesanosdelgroove.com\/en\/wp-json\/wp\/v2\/types\/page"}],"author":[{"embeddable":true,"href":"https:\/\/artesanosdelgroove.com\/en\/wp-json\/wp\/v2\/users\/1"}],"replies":[{"embeddable":true,"href":"https:\/\/artesanosdelgroove.com\/en\/wp-json\/wp\/v2\/comments?post=4710"}],"version-history":[{"count":0,"href":"https:\/\/artesanosdelgroove.com\/en\/wp-json\/wp\/v2\/pages\/4710\/revisions"}],"wp:attachment":[{"href":"https:\/\/artesanosdelgroove.com\/en\/wp-json\/wp\/v2\/media?parent=4710"}],"curies":[{"name":"wp","href":"https:\/\/api.w.org\/{rel}","templated":true}]}}